{"id":1479,"date":"2021-05-15T17:49:05","date_gmt":"2021-05-15T15:49:05","guid":{"rendered":"https:\/\/www.citatif.com\/?page_id=1479"},"modified":"2023-06-22T23:50:59","modified_gmt":"2023-06-22T21:50:59","slug":"homepage","status":"publish","type":"page","link":"https:\/\/www.citatif.com\/tr\/homepage\/","title":{"rendered":"Homepage"},"content":{"rendered":"<div class=\"wpb-content-wrapper\"><div class=\"vc_row wpb_row vc_row-fluid\"><div class=\"wpb_column vc_column_container vc_col-sm-12\"><div class=\"vc_column-inner\"><div class=\"wpb_wrapper\">\t<div id=\"pencicustom_slider_17641\" class=\"penci-block-vc penci-custom-slides  vc_custom_1687470669468\">\r\n\t\t<div class=\"penci-block_content penci-slides-wrap penci-owl-carousel penci-owl-carousel-slider\"  data-auto=\"true\">\r\n\t\t\t<div class=\"penci-repeater-item-0 penci-ctslide-wrap\"><div class=\"penci-custom-slide\"><div class=\"penci-ctslide-bg\" style=\"background-color:rgba(91,200,255,0.03)\"><\/div><div class=\"penci-ctslide-inner\" style=\"text-align:center\"><div class=\"penci-ctslider-content penci-fadeInUp\"><h2 class=\"pencislider-title\">WELCOME TO CITATIF<\/h2><div class=\"penci-slider_btnwrap\"><a class=\"pencislider-btn pencislider-btn-1 penci-button\" href=\"http:\/\/www.citatif.com\/tr\/who-we-are\/\"><span>Who we are<\/span><\/a><\/div><\/div><\/div><\/div><\/div><div class=\"penci-repeater-item-1 penci-ctslide-wrap\"><div class=\"penci-custom-slide\"><div class=\"penci-ctslide-bg\" style=\"background-color:#4054b2\"><\/div><div class=\"penci-ctslide-inner\" style=\"text-align:center\"><div class=\"penci-ctslider-content penci-fadeInUp\"><h2 class=\"pencislider-title\">Slide 2 Heading<\/h2><div class=\"pencislider-caption\">Click edit button to change this text. Lorem ipsum dolor sit amet consectetur adipiscing elit dolor<\/div><div class=\"penci-slider_btnwrap\"><a class=\"pencislider-btn pencislider-btn-1 penci-button\" href=\"#\"><span>Click Here<\/span><\/a><a class=\"pencislider-btn pencislider-btn-2 penci-button\" href=\"#\"><span>Click Here<\/span><\/a><\/div><\/div><\/div><\/div><\/div><div class=\"penci-repeater-item-2 penci-ctslide-wrap\"><div class=\"penci-custom-slide\"><div class=\"penci-ctslide-bg\" style=\"background-color:#1abc9c\"><\/div><div class=\"penci-ctslide-inner\" style=\"text-align:center\"><div class=\"penci-ctslider-content penci-fadeInUp\"><h2 class=\"pencislider-title\">Slide 3 Heading<\/h2><div class=\"pencislider-caption\">Click edit button to change this text. Lorem ipsum dolor sit amet consectetur adipiscing elit dolor<\/div><div class=\"penci-slider_btnwrap\"><a class=\"pencislider-btn pencislider-btn-1 penci-button\" href=\"#\"><span>Click Here<\/span><\/a><a class=\"pencislider-btn pencislider-btn-2 penci-button\" href=\"#\"><span>Click Here<\/span><\/a><\/div><\/div><\/div><\/div><\/div>\t\t<\/div>\r\n\t<\/div>\r\n<style>#pencicustom_slider_17641 .penci-repeater-item-0 .penci-ctslide-inner .penci-ctslider-content{margin: 0 auto;}#pencicustom_slider_17641 .penci-repeater-item-0 .penci-ctslide-inner{align-items: center;}#pencicustom_slider_17641 .penci-repeater-item-0 .penci-ctslide-bg{ background-image: url(https:\/\/www.citatif.com\/wp-content\/uploads\/2023\/06\/2023-06-22_14-01-43.png); }#pencicustom_slider_17641 .penci-repeater-item-0 .pencislider-title,#pencicustom_slider_17641 .penci-repeater-item-0 .pencislider-caption{ color:#000000 }#pencicustom_slider_17641 .penci-repeater-item-1 .penci-ctslide-inner .penci-ctslider-content{margin: 0 auto;}#pencicustom_slider_17641 .penci-repeater-item-1 .penci-ctslide-inner{align-items: center;}#pencicustom_slider_17641 .penci-repeater-item-1 .pencislider-title,#pencicustom_slider_17641 .penci-repeater-item-1 .pencislider-caption{ color:#ffffff }#pencicustom_slider_17641 .penci-repeater-item-2 .penci-ctslide-inner .penci-ctslider-content{margin: 0 auto;}#pencicustom_slider_17641 .penci-repeater-item-2 .penci-ctslide-inner{align-items: center;}#pencicustom_slider_17641 .penci-repeater-item-2 .pencislider-title,#pencicustom_slider_17641 .penci-repeater-item-2 .pencislider-caption{ color:#ffffff }#pencicustom_slider_17641 .pencislider-title-overlay .pslider-bgoverlay-inner:before{ opacity:0.4; }#pencicustom_slider_17641 .pencislider-caption .pslider-bgoverlay-inner:before{ opacity:0.4; }<\/style><\/div><\/div><\/div><\/div><div class=\"vc_row wpb_row vc_row-fluid\"><div class=\"wpb_column vc_column_container vc_col-sm-12\"><div class=\"vc_column-inner\"><div class=\"wpb_wrapper\"><div class=\"vc_separator wpb_content_element vc_separator_align_center vc_sep_width_100 vc_sep_pos_align_center vc_separator_no_text vc_sep_color_grey\" ><span class=\"vc_sep_holder vc_sep_holder_l\"><span class=\"vc_sep_line\"><\/span><\/span><span class=\"vc_sep_holder vc_sep_holder_r\"><span class=\"vc_sep_line\"><\/span><\/span>\n<\/div>\n\t<div class=\"wpb_text_column wpb_content_element\" >\n\t\t<div class=\"wpb_wrapper\">\n\t\t\t<h1 style=\"display: block; background-color: #01579b;\"><span style=\"color: #ffffff;\"><strong>B\u0130L\u0130M<br \/>\n<\/strong><\/span><\/h1>\n<div id=\"simple-translate\">\n<div>\n<div class=\"simple-translate-button isShow\" style=\"background-image: url('moz-extension:\/\/e6ea4040-a27c-4e52-9c6a-3fc6f9fbcced\/icons\/512.png'); height: 22px; width: 22px; top: 49px; left: 134px;\"><\/div>\n<div class=\"simple-translate-panel\" style=\"width: 300px; height: 200px; top: 0px; left: 0px; font-size: 13px; background-color: #ffffff;\">\n<div class=\"simple-translate-result-wrapper\" style=\"overflow: hidden;\">\n<div class=\"simple-translate-move\" draggable=\"true\"><\/div>\n<div class=\"simple-translate-result-contents\">\n<p class=\"simple-translate-result\" dir=\"auto\" style=\"color: #000000;\">\n<p class=\"simple-translate-candidate\" dir=\"auto\" style=\"color: #737373;\"><\/div>\n<\/div>\n<\/div>\n<\/div>\n<\/div>\n\n\t\t<\/div>\n\t<\/div>\n\n<div class=\"vc_grid-container-wrapper vc_clearfix vc_grid-animation-fadeIn\">\n\t<div class=\"vc_grid-container vc_clearfix wpb_content_element vc_basic_grid\" data-initial-loading-animation=\"fadeIn\" data-vc-grid-settings=\"{&quot;page_id&quot;:1479,&quot;style&quot;:&quot;all&quot;,&quot;action&quot;:&quot;vc_get_vc_grid_data&quot;,&quot;shortcode_id&quot;:&quot;1687431014630-68df35a7ddfbaa32d891339500d0f2b7-2&quot;,&quot;tag&quot;:&quot;vc_basic_grid&quot;}\" data-vc-request=\"https:\/\/www.citatif.com\/wp-admin\/admin-ajax.php\" data-vc-post-id=\"1479\" data-vc-public-nonce=\"49da84e061\">\n\t\t<style data-type=\"vc_shortcodes-custom-css\">.vc_custom_1419240516480{background-color: #f9f9f9 !important;}<\/style><div class=\"vc_grid vc_row vc_grid-gutter-30px vc_pageable-wrapper vc_hook_hover\" data-vc-pageable-content=\"true\"><div class=\"vc_pageable-slide-wrapper vc_clearfix\" data-vc-grid-content=\"true\"><div class=\"vc_grid-item vc_clearfix vc_col-sm-4 vc_grid-item-zone-c-bottom\"><div class=\"vc_grid-item-mini vc_clearfix\"><div class=\"vc_gitem-animated-block\" ><div class=\"vc_gitem-zone vc_gitem-zone-a vc-gitem-zone-height-mode-auto vc-gitem-zone-height-mode-auto-1-1 vc_gitem-is-link\" style=\"background-image: url('https:\/\/www.citatif.com\/wp-content\/uploads\/2024\/07\/matteo-vistocco-KOUvMTHK64I-unsplash-676x1024.jpg') !important;\"><a href=\"https:\/\/www.citatif.com\/tr\/rosetta-stone\/\" title=\"Rosetta Stone\" class=\"vc_gitem-link vc-zone-link\" ><\/a><img decoding=\"async\" class=\"vc_gitem-zone-img\" src=\"https:\/\/www.citatif.com\/wp-content\/uploads\/2024\/07\/matteo-vistocco-KOUvMTHK64I-unsplash-676x1024.jpg\" alt=\"Photo by Matteo Vistocco on Unsplash\" loading=\"lazy\"><div class=\"vc_gitem-zone-mini\"><\/div><\/div><\/div><div class=\"vc_gitem-zone vc_gitem-zone-c vc_custom_1419240516480\"><div class=\"vc_gitem-zone-mini\"><div class=\"vc_gitem_row vc_row vc_gitem-row-position-top\"><div class=\"vc_col-sm-12 vc_gitem-col vc_gitem-col-align-\"><div class=\"vc_custom_heading vc_gitem-post-data vc_gitem-post-data-source-post_title\" ><h4 style=\"text-align: left\" >Rosetta Stone<\/h4><\/div><div class=\"vc_custom_heading vc_gitem-post-data vc_gitem-post-data-source-post_excerpt\" ><p style=\"text-align: left\" ><p>Rosetta Stone, in other words Rashid Stele is an uniqe stele for translating hyoragrpighs to&hellip;<\/p>\n<\/p><\/div><div class=\"vc_btn3-container vc_btn3-left\"><a class=\"vc_general vc_btn3 vc_btn3-size-md vc_btn3-shape-rounded vc_btn3-style-flat vc_btn3-color-juicy-pink\" a href=\"https:\/\/www.citatif.com\/tr\/rosetta-stone\/\" title=\"Read more\">Read more<\/a><\/div><\/div><\/div><\/div><\/div><\/div><div class=\"vc_clearfix\"><\/div><\/div><div class=\"vc_grid-item vc_clearfix vc_col-sm-4 vc_grid-item-zone-c-bottom\"><div class=\"vc_grid-item-mini vc_clearfix\"><div class=\"vc_gitem-animated-block\" ><div class=\"vc_gitem-zone vc_gitem-zone-a vc-gitem-zone-height-mode-auto vc-gitem-zone-height-mode-auto-1-1 vc_gitem-is-link\" style=\"background-image: url('https:\/\/www.citatif.com\/wp-content\/plugins\/js_composer\/assets\/vc\/vc_gitem_image.png') !important;\"><a href=\"https:\/\/www.citatif.com\/tr\/brescia-city-italy\/\" title=\"Brescia City &#8211; Italy\" class=\"vc_gitem-link vc-zone-link\" ><\/a><img decoding=\"async\" class=\"vc_gitem-zone-img\" src=\"https:\/\/www.citatif.com\/wp-content\/plugins\/js_composer\/assets\/vc\/vc_gitem_image.png\" alt=\"\" loading=\"lazy\"><div class=\"vc_gitem-zone-mini\"><\/div><\/div><\/div><div class=\"vc_gitem-zone vc_gitem-zone-c vc_custom_1419240516480\"><div class=\"vc_gitem-zone-mini\"><div class=\"vc_gitem_row vc_row vc_gitem-row-position-top\"><div class=\"vc_col-sm-12 vc_gitem-col vc_gitem-col-align-\"><div class=\"vc_custom_heading vc_gitem-post-data vc_gitem-post-data-source-post_title\" ><h4 style=\"text-align: left\" >Brescia City &#8211; Italy<\/h4><\/div><div class=\"vc_custom_heading vc_gitem-post-data vc_gitem-post-data-source-post_excerpt\" ><p style=\"text-align: left\" ><p>Bresica is located in Northern Italy, Lombardia region, between Verona and Milano. The city of&hellip;<\/p>\n<\/p><\/div><div class=\"vc_btn3-container vc_btn3-left\"><a class=\"vc_general vc_btn3 vc_btn3-size-md vc_btn3-shape-rounded vc_btn3-style-flat vc_btn3-color-juicy-pink\" a href=\"https:\/\/www.citatif.com\/tr\/brescia-city-italy\/\" title=\"Read more\">Read more<\/a><\/div><\/div><\/div><\/div><\/div><\/div><div class=\"vc_clearfix\"><\/div><\/div><div class=\"vc_grid-item vc_clearfix vc_col-sm-4 vc_grid-item-zone-c-bottom\"><div class=\"vc_grid-item-mini vc_clearfix\"><div class=\"vc_gitem-animated-block\" ><div class=\"vc_gitem-zone vc_gitem-zone-a vc-gitem-zone-height-mode-auto vc-gitem-zone-height-mode-auto-1-1 vc_gitem-is-link\" style=\"background-image: url('https:\/\/www.citatif.com\/wp-content\/uploads\/2024\/02\/2024-02-04_22-55-30.png') !important;\"><a href=\"https:\/\/www.citatif.com\/tr\/magnesium-mineral\/\" title=\"Magnesium &#8211; Mineral of Life\" class=\"vc_gitem-link vc-zone-link\" ><\/a><img decoding=\"async\" class=\"vc_gitem-zone-img\" src=\"https:\/\/www.citatif.com\/wp-content\/uploads\/2024\/02\/2024-02-04_22-55-30.png\" alt=\"Magnesium - Mineral of Life\" loading=\"lazy\"><div class=\"vc_gitem-zone-mini\"><\/div><\/div><\/div><div class=\"vc_gitem-zone vc_gitem-zone-c vc_custom_1419240516480\"><div class=\"vc_gitem-zone-mini\"><div class=\"vc_gitem_row vc_row vc_gitem-row-position-top\"><div class=\"vc_col-sm-12 vc_gitem-col vc_gitem-col-align-\"><div class=\"vc_custom_heading vc_gitem-post-data vc_gitem-post-data-source-post_title\" ><h4 style=\"text-align: left\" >Magnezyum - Hayat\u0131n Minerali<\/h4><\/div><div class=\"vc_custom_heading vc_gitem-post-data vc_gitem-post-data-source-post_excerpt\" ><p style=\"text-align: left\" ><p>Magnesium has taken its name from &#8220;Magnesia&#8221; region which was homeland for &#8220;Magnetes&#8221; tribe due&hellip;<\/p>\n<\/p><\/div><div class=\"vc_btn3-container vc_btn3-left\"><a class=\"vc_general vc_btn3 vc_btn3-size-md vc_btn3-shape-rounded vc_btn3-style-flat vc_btn3-color-juicy-pink\" a href=\"https:\/\/www.citatif.com\/tr\/magnesium-mineral\/\" title=\"Read more\">Read more<\/a><\/div><\/div><\/div><\/div><\/div><\/div><div class=\"vc_clearfix\"><\/div><\/div><\/div><\/div>\n\t<\/div>\n<\/div><\/div><\/div><\/div><\/div><div class=\"vc_row wpb_row vc_row-fluid\"><div class=\"wpb_column vc_column_container vc_col-sm-4\"><div class=\"vc_column-inner\"><div class=\"wpb_wrapper\">\n\t<div class=\"wpb_text_column wpb_content_element\" >\n\t\t<div class=\"wpb_wrapper\">\n\t\t\t<h1 style=\"display: block; background-color: #01579b;\"><span style=\"color: #ffffff;\"><strong>FACEBOOK<br \/>\n<\/strong><\/span><\/h1>\n\n\t\t<\/div>\n\t<\/div>\n<div id=\"pencicounter_up_20920\" class=\"penci-block-vc penci_facebook_widget  vc_custom_1621114533343\">\r\n\t\t<div class=\"penci-block_content\">\r\n\t\t\t\t<div class=\"fb-page\" data-href=\"https:\/\/www.facebook.com\/citatif\" data-height=\"290\" data-small-header=\"false\" data-adapt-container-width=\"true\" data-hide-cover=\"false\" data-show-facepile=\"true\" data-show-posts=\"true\"><div class=\"fb-xfbml-parse-ignore\"><blockquote cite=\"https:\/\/www.facebook.com\/citatif\"><a href=\"https:\/\/www.facebook.com\/citatif\">Facebook<\/a><\/blockquote><\/div><\/div>\r\n\t<\/div>\r\n<\/div>\r\n<\/div><\/div><\/div><div class=\"wpb_column vc_column_container vc_col-sm-4\"><div class=\"vc_column-inner\"><div class=\"wpb_wrapper\">\n\t<div class=\"wpb_text_column wpb_content_element\" >\n\t\t<div class=\"wpb_wrapper\">\n\t\t\t<h1 style=\"display: block; background-color: #01579b;\"><span style=\"color: #ffffff;\"><strong>B\u0130L\u0130M HABERLER\u0130<\/strong><\/span><\/h1>\n\n\t\t<\/div>\n\t<\/div>\n<\/div><\/div><\/div><div class=\"wpb_column vc_column_container vc_col-sm-4\"><div class=\"vc_column-inner\"><div class=\"wpb_wrapper\">\n\t<div class=\"wpb_text_column wpb_content_element\" >\n\t\t<div class=\"wpb_wrapper\">\n\t\t\t<h1 style=\"display: block; background-color: #01579b;\"><span style=\"color: #ffffff;\"><strong>B\u0130L\u0130M HABERLER\u0130<\/strong><\/span><\/h1>\n\n\t\t<\/div>\n\t<\/div>\n<\/div><\/div><\/div><\/div><div class=\"vc_row wpb_row vc_row-fluid\"><div class=\"wpb_column vc_column_container vc_col-sm-12\"><div class=\"vc_column-inner\"><div class=\"wpb_wrapper\"><\/div><\/div><\/div><\/div><div class=\"vc_row wpb_row vc_row-fluid\"><div class=\"wpb_column vc_column_container vc_col-sm-12\"><div class=\"vc_column-inner\"><div class=\"wpb_wrapper\">\n\t<div class=\"wpb_text_column wpb_content_element  vc_custom_1621114600969\" >\n\t\t<div class=\"wpb_wrapper\">\n\t\t\t<h1 style=\"display: block; background-color: #01579b;\"><span style=\"color: #ffffff;\"><strong>B\u0130L\u0130M HABERLER\u0130<\/strong><\/span><\/h1>\n\n\t\t<\/div>\n\t<\/div>\n[eplus_post-grid style=&#8221;1&#8243; content_type=&#8221;by_category&#8221; category_ids=&#8221;&#8221; items_per_row=&#8221;4&#8243; excerpt_length=&#8221;26&#8243; masonry_grid=&#8221;true&#8221; posts_per_page=&#8221;6&#8243;]<\/div><\/div><\/div><\/div>\n<\/div>","protected":false},"excerpt":{"rendered":"WELCOME TO CITATIFWho we areSlide 2 HeadingClick edit button to change this text. Lorem ipsum&hellip;","protected":false},"author":1,"featured_media":0,"parent":0,"menu_order":0,"comment_status":"closed","ping_status":"closed","template":"","meta":{"footnotes":""},"class_list":["post-1479","page","type-page","status-publish","hentry"],"_links":{"self":[{"href":"https:\/\/www.citatif.com\/tr\/wp-json\/wp\/v2\/pages\/1479","targetHints":{"allow":["GET"]}}],"collection":[{"href":"https:\/\/www.citatif.com\/tr\/wp-json\/wp\/v2\/pages"}],"about":[{"href":"https:\/\/www.citatif.com\/tr\/wp-json\/wp\/v2\/types\/page"}],"author":[{"embeddable":true,"href":"https:\/\/www.citatif.com\/tr\/wp-json\/wp\/v2\/users\/1"}],"replies":[{"embeddable":true,"href":"https:\/\/www.citatif.com\/tr\/wp-json\/wp\/v2\/comments?post=1479"}],"version-history":[{"count":34,"href":"https:\/\/www.citatif.com\/tr\/wp-json\/wp\/v2\/pages\/1479\/revisions"}],"predecessor-version":[{"id":1567,"href":"https:\/\/www.citatif.com\/tr\/wp-json\/wp\/v2\/pages\/1479\/revisions\/1567"}],"wp:attachment":[{"href":"https:\/\/www.citatif.com\/tr\/wp-json\/wp\/v2\/media?parent=1479"}],"curies":[{"name":"wp","href":"https:\/\/api.w.org\/{rel}","templated":true}]}}